{"id":773,"date":"2022-07-29T12:12:26","date_gmt":"2022-07-29T12:12:26","guid":{"rendered":"https:\/\/www.pifeltro.com\/?page_id=773"},"modified":"2025-06-27T14:08:10","modified_gmt":"2025-06-27T14:08:10","slug":"404-page","status":"publish","type":"page","link":"https:\/\/www.pifeltro.com\/es-us\/404-page\/","title":{"rendered":"404 page"},"content":{"rendered":"<link rel='stylesheet' id='vivid360-spacer-css-css' href='https:\/\/www.pifeltro.com\/es-us\/wp-content\/themes\/cex-wpvip-mhh-merck-vivid360-theme-1-12\/blocks\/spacer\/css\/style.min.css?ver=1765535928' media='all' \/>\n\n<div style=\"background-color:transparent;height:48px\" class=\"wp-block-vivid360-spacer vivid360-spacer spacer-48\"><\/div>\n\n\n<link rel='stylesheet' id='vivid360-row-module-css-css' href='https:\/\/www.pifeltro.com\/es-us\/wp-content\/themes\/cex-wpvip-mhh-merck-vivid360-theme-1-12\/blocks\/row\/css\/style.min.css?ver=6.8.5' media='all' \/>\n\n<div style=\"border-width:0px;border-style:;border-radius:0;background-color: !important\" class=\"wp-block-vivid360-row vivid360-row hcp-wide-bg-width full-page-width\"><div class=\"cropped\" id=\"row96aeded2-914c-437b-87dc-1a8da4c118bd\"><div style=\"padding-top:0px;padding-bottom:0px;padding-right:0px;padding-left:0px\" class=\"row-content wide-width hcp-wide-width\"><link rel='stylesheet' id='vivid360-image-css-css' href='https:\/\/www.pifeltro.com\/es-us\/wp-content\/themes\/cex-wpvip-mhh-merck-vivid360-theme-1-12\/blocks\/image\/css\/style.min.css?ver=1765535927' media='all' \/>\n\n<div class=\"wp-block-vivid360-image\"><div class=\"img-container \"><figure class=\"wp-block-vivid360-image is-style-default aligncenter size-large\"><img loading=\"lazy\" decoding=\"async\" width=\"150\" height=\"150\" src=\"https:\/\/www.pifeltro.com\/wp-content\/uploads\/sites\/54\/2022\/07\/01.-Image-2.png?w=150\" alt=\"\" class=\"wp-image-777  style-noshadow\" style=\"height:150px;width:150px\"\/><\/figure><\/div><\/div>\n\n\n<link rel='stylesheet' id='vivid360-heading-css-css' href='https:\/\/www.pifeltro.com\/es-us\/wp-content\/themes\/cex-wpvip-mhh-merck-vivid360-theme-1-12\/blocks\/heading\/css\/style.min.css?ver=1765535927' media='all' \/>\n\n<div class=\"vivid360-heading default-hcp-fontsize default-hcp-tablet-fontsize default-hcp-mobile-fontsize\" id=\"a11beb82c-d764-48c3-8e65-7dad2e0371b0\"><h1 class=\"has-primary-dark-color has-text-align-center content-width fontWeightRegular\" style=\"--desktopFontSize:var(--h1FontSizeDesktop);--tabletFontSize:var(--h1FontSizeDesktop);--mobileFontSize:var(--h1FontSizeMobile);--desktopLineHeightSize:var(--h1LineHeightDesktop);--tabletLineHeightSize:var(--h1LineHeightDesktop);--mobileLineHeightSize:;--tabletAlign:center;--mobileAlign:center\" id=\"\"><strong>Error 404<\/strong><\/h1><\/div>\n\n\n\n<div class=\"vivid360-heading default-hcp-fontsize default-hcp-tablet-fontsize default-hcp-mobile-fontsize\" id=\"a03ad4137-cb5e-45b2-9479-e9850120b021\"><h2 class=\"has-text-align-center content-width fontWeightRegular\" style=\"--desktopFontSize:var(--h2FontSizeDesktop);--tabletFontSize:var(--h2FontSizeDesktop);--mobileFontSize:var(--h2FontSizeMobile);--desktopLineHeightSize:var(--h2LineHeightDesktop);--tabletLineHeightSize:var(--h2LineHeightDesktop);--mobileLineHeightSize:;--tabletAlign:center;--mobileAlign:center\" id=\"\"><strong><strong>Lo sentimos, no se pudo encontrar la p\u00e1gina solicitada.<\/strong><\/strong><\/h2><\/div>\n\n\n\n<p class=\"has-text-align-center has-medium-font-size\">Int\u00e9ntelo de nuevo m\u00e1s tarde o visite la <a href=\"https:\/\/www.pifeltro.com\/es-us\/\">p\u00e1gina principal<\/a>.<\/p>\n<\/div><\/div><\/div>\n\n\n\n<div style=\"background-color:transparent;height:48px\" class=\"wp-block-vivid360-spacer vivid360-spacer spacer-48\"><\/div>\n","protected":false},"excerpt":{"rendered":"","protected":false},"author":389,"featured_media":0,"parent":0,"menu_order":0,"comment_status":"closed","ping_status":"closed","template":"","meta":{"_acf_changed":false,"_trash_the_other_posts":false,"editor_notices":[],"footnotes":""},"ga4_page_audience":[],"ga4_page_birn_id":[],"ga4_page_branding":[],"ga4_page_businessunit":[],"ga4_page_campaign":[],"ga4_page_content_purpose":[],"ga4_page_customer_journey_stage":[],"ga4_page_customer_specialty":[],"ga4_page_experience":[],"ga4_page_indication":[],"ga4_page_material_intent":[],"ga4_page_product":[],"ga4_page_region":[],"ga4_page_therapeuticarea":[],"class_list":["post-773","page","type-page","status-publish"],"yoast_head":"<!-- This site is optimized with the Yoast SEO plugin v27.4 - https:\/\/yoast.com\/product\/yoast-seo-wordpress\/ -->\n<title>Error 404 | PIFELTRO\u00ae (doravirina)<\/title>\n<meta name=\"description\" content=\"\u00a1Lo sentimos! No se puede encontrar la p\u00e1gina que busca. Vuelva a consultar m\u00e1s tarde o visite la p\u00e1gina de inicio de PIFELTRO\u00ae (doravirina).\" \/>\n<meta name=\"robots\" content=\"noindex, nofollow\" \/>\n<meta property=\"og:locale\" content=\"en_US\" \/>\n<meta property=\"og:type\" content=\"article\" \/>\n<meta property=\"og:title\" content=\"Error 404 | PIFELTRO\u00ae (doravirina)\" \/>\n<meta property=\"og:description\" content=\"\u00a1Lo sentimos! No se puede encontrar la p\u00e1gina que busca. Vuelva a consultar m\u00e1s tarde o visite la p\u00e1gina de inicio de PIFELTRO\u00ae (doravirina).\" \/>\n<meta property=\"og:url\" content=\"https:\/\/www.pifeltro.com\/es-us\/404-page\/\" \/>\n<meta property=\"og:site_name\" content=\"pifeltro-es\" \/>\n<meta property=\"article:modified_time\" content=\"2025-06-27T14:08:10+00:00\" \/>\n<meta property=\"og:image\" content=\"https:\/\/www.pifeltro.com\/wp-content\/uploads\/sites\/54\/2022\/07\/01.-Image-2.png?w=150\" \/>\n<meta name=\"twitter:card\" content=\"summary_large_image\" \/>\n<meta name=\"twitter:label1\" content=\"Est. reading time\" \/>\n\t<meta name=\"twitter:data1\" content=\"1 minute\" \/>\n<!-- \/ Yoast SEO plugin. -->","yoast_head_json":{"title":"Error 404 | PIFELTRO\u00ae (doravirina)","description":"\u00a1Lo sentimos! No se puede encontrar la p\u00e1gina que busca. Vuelva a consultar m\u00e1s tarde o visite la p\u00e1gina de inicio de PIFELTRO\u00ae (doravirina).","robots":{"index":"noindex","follow":"nofollow"},"og_locale":"en_US","og_type":"article","og_title":"Error 404 | PIFELTRO\u00ae (doravirina)","og_description":"\u00a1Lo sentimos! No se puede encontrar la p\u00e1gina que busca. Vuelva a consultar m\u00e1s tarde o visite la p\u00e1gina de inicio de PIFELTRO\u00ae (doravirina).","og_url":"https:\/\/www.pifeltro.com\/es-us\/404-page\/","og_site_name":"pifeltro-es","article_modified_time":"2025-06-27T14:08:10+00:00","og_image":[{"url":"https:\/\/www.pifeltro.com\/wp-content\/uploads\/sites\/54\/2022\/07\/01.-Image-2.png?w=150","type":"","width":"","height":""}],"twitter_card":"summary_large_image","twitter_misc":{"Est. reading time":"1 minute"},"schema":{"@context":"https:\/\/schema.org","@graph":[{"@type":"WebPage","@id":"https:\/\/www.pifeltro.com\/es-us\/404-page\/","url":"https:\/\/www.pifeltro.com\/es-us\/404-page\/","name":"Error 404 | PIFELTRO\u00ae (doravirina)","isPartOf":{"@id":"https:\/\/www.pifeltro.com\/es-us\/#website"},"primaryImageOfPage":{"@id":"https:\/\/www.pifeltro.com\/es-us\/404-page\/#primaryimage"},"image":{"@id":"https:\/\/www.pifeltro.com\/es-us\/404-page\/#primaryimage"},"thumbnailUrl":"https:\/\/www.pifeltro.com\/wp-content\/uploads\/sites\/54\/2022\/07\/01.-Image-2.png?w=150","datePublished":"2022-07-29T12:12:26+00:00","dateModified":"2025-06-27T14:08:10+00:00","description":"\u00a1Lo sentimos! No se puede encontrar la p\u00e1gina que busca. Vuelva a consultar m\u00e1s tarde o visite la p\u00e1gina de inicio de PIFELTRO\u00ae (doravirina).","breadcrumb":{"@id":"https:\/\/www.pifeltro.com\/es-us\/404-page\/#breadcrumb"},"inLanguage":"en-US","potentialAction":[{"@type":"ReadAction","target":["https:\/\/www.pifeltro.com\/es-us\/404-page\/"]}]},{"@type":"ImageObject","inLanguage":"en-US","@id":"https:\/\/www.pifeltro.com\/es-us\/404-page\/#primaryimage","url":"https:\/\/www.pifeltro.com\/wp-content\/uploads\/sites\/54\/2022\/07\/01.-Image-2.png?w=150","contentUrl":"https:\/\/www.pifeltro.com\/wp-content\/uploads\/sites\/54\/2022\/07\/01.-Image-2.png?w=150"},{"@type":"BreadcrumbList","@id":"https:\/\/www.pifeltro.com\/es-us\/404-page\/#breadcrumb","itemListElement":[{"@type":"ListItem","position":1,"name":"Home","item":"https:\/\/www.pifeltro.com\/es-us\/"},{"@type":"ListItem","position":2,"name":"404 page"}]},{"@type":"WebSite","@id":"https:\/\/www.pifeltro.com\/es-us\/#website","url":"https:\/\/www.pifeltro.com\/es-us\/","name":"pifeltro-es","description":"Just another vip-msd.com site","potentialAction":[{"@type":"SearchAction","target":{"@type":"EntryPoint","urlTemplate":"https:\/\/www.pifeltro.com\/es-us\/?s={search_term_string}"},"query-input":{"@type":"PropertyValueSpecification","valueRequired":true,"valueName":"search_term_string"}}],"inLanguage":"en-US"}]}},"acf":[],"_links":{"self":[{"href":"https:\/\/www.pifeltro.com\/es-us\/wp-json\/wp\/v2\/pages\/773","targetHints":{"allow":["GET"]}}],"collection":[{"href":"https:\/\/www.pifeltro.com\/es-us\/wp-json\/wp\/v2\/pages"}],"about":[{"href":"https:\/\/www.pifeltro.com\/es-us\/wp-json\/wp\/v2\/types\/page"}],"author":[{"embeddable":true,"href":"https:\/\/www.pifeltro.com\/es-us\/wp-json\/wp\/v2\/users\/389"}],"replies":[{"embeddable":true,"href":"https:\/\/www.pifeltro.com\/es-us\/wp-json\/wp\/v2\/comments?post=773"}],"version-history":[{"count":49,"href":"https:\/\/www.pifeltro.com\/es-us\/wp-json\/wp\/v2\/pages\/773\/revisions"}],"predecessor-version":[{"id":3547,"href":"https:\/\/www.pifeltro.com\/es-us\/wp-json\/wp\/v2\/pages\/773\/revisions\/3547"}],"wp:attachment":[{"href":"https:\/\/www.pifeltro.com\/es-us\/wp-json\/wp\/v2\/media?parent=773"}],"wp:term":[{"taxonomy":"ga4_page_audience","embeddable":true,"href":"https:\/\/www.pifeltro.com\/es-us\/wp-json\/wp\/v2\/ga4_page_audience?post=773"},{"taxonomy":"ga4_page_birn_id","embeddable":true,"href":"https:\/\/www.pifeltro.com\/es-us\/wp-json\/wp\/v2\/ga4_page_birn_id?post=773"},{"taxonomy":"ga4_page_branding","embeddable":true,"href":"https:\/\/www.pifeltro.com\/es-us\/wp-json\/wp\/v2\/ga4_page_branding?post=773"},{"taxonomy":"ga4_page_businessunit","embeddable":true,"href":"https:\/\/www.pifeltro.com\/es-us\/wp-json\/wp\/v2\/ga4_page_businessunit?post=773"},{"taxonomy":"ga4_page_campaign","embeddable":true,"href":"https:\/\/www.pifeltro.com\/es-us\/wp-json\/wp\/v2\/ga4_page_campaign?post=773"},{"taxonomy":"ga4_page_content_purpose","embeddable":true,"href":"https:\/\/www.pifeltro.com\/es-us\/wp-json\/wp\/v2\/ga4_page_content_purpose?post=773"},{"taxonomy":"ga4_page_customer_journey_stage","embeddable":true,"href":"https:\/\/www.pifeltro.com\/es-us\/wp-json\/wp\/v2\/ga4_page_customer_journey_stage?post=773"},{"taxonomy":"ga4_page_customer_specialty","embeddable":true,"href":"https:\/\/www.pifeltro.com\/es-us\/wp-json\/wp\/v2\/ga4_page_customer_specialty?post=773"},{"taxonomy":"ga4_page_experience","embeddable":true,"href":"https:\/\/www.pifeltro.com\/es-us\/wp-json\/wp\/v2\/ga4_page_experience?post=773"},{"taxonomy":"ga4_page_indication","embeddable":true,"href":"https:\/\/www.pifeltro.com\/es-us\/wp-json\/wp\/v2\/ga4_page_indication?post=773"},{"taxonomy":"ga4_page_material_intent","embeddable":true,"href":"https:\/\/www.pifeltro.com\/es-us\/wp-json\/wp\/v2\/ga4_page_material_intent?post=773"},{"taxonomy":"ga4_page_product","embeddable":true,"href":"https:\/\/www.pifeltro.com\/es-us\/wp-json\/wp\/v2\/ga4_page_product?post=773"},{"taxonomy":"ga4_page_region","embeddable":true,"href":"https:\/\/www.pifeltro.com\/es-us\/wp-json\/wp\/v2\/ga4_page_region?post=773"},{"taxonomy":"ga4_page_therapeuticarea","embeddable":true,"href":"https:\/\/www.pifeltro.com\/es-us\/wp-json\/wp\/v2\/ga4_page_therapeuticarea?post=773"}],"curies":[{"name":"wp","href":"https:\/\/api.w.org\/{rel}","templated":true}]}}